{"id":2,"date":"2017-11-17T09:02:03","date_gmt":"2017-11-17T09:02:03","guid":{"rendered":"https:\/\/kaimancon.fi\/?page_id=2"},"modified":"2021-08-23T06:14:53","modified_gmt":"2021-08-23T06:14:53","slug":"about","status":"publish","type":"page","link":"https:\/\/kaimancon.fi\/","title":{"rendered":"Kaimancon"},"content":{"rendered":"\n<p>Kaimancon hallituspalveluja jo vuodesta 2021. <\/p>\n\n\n\n<p>Sijoitusp\u00e4\u00e4t\u00f6sten&nbsp;vaatimukset ovat kasvaneet. Vaikka hallitus olisi antanut varainhoidolle t\u00e4yden valtakirjan sijoittaa varoja esim. henkil\u00f6st\u00f6rahaston puolesta, vastuu on silti aina edelleen hallituksella. <\/p>\n\n\n\n<p>KaiManCon tarjoaa hallituksen konsultointipalveluja kustannustehokkaasti henkil\u00f6st\u00f6rahasto kokemuksella jo vuodesta 2013. <\/p>\n\n\n\n<p>Palveluihin kuuluvat mm: <\/p>\n\n\n\n<p class=\"has-text-align-left\">Hallituksen kokousten hallinnointi (kokouskutsut, esityslistat ja p\u00f6yt\u00e4kirjat). <br>Vuosikello, yll\u00e4pito ja seuranta. <br>Toimintasuunnitelmat ja toimintakertomukset. <br>Tilinp\u00e4\u00e4t\u00f6kset ja taseet. <br>J\u00e4senosuuksien ulosmaksujen seuranta. <br>Oikaisuvaatimusten k\u00e4sittely.<\/p>\n\n\n\n<p class=\"has-text-align-left\">Y-tunnus <strong>3208725-1<\/strong><\/p>\n\n\n\n<p><a href=\"https:\/\/www.linkedin.com\/in\/tomikaivola\/\" target=\"_blank\" rel=\"noreferrer noopener\">https:\/\/www.linkedin.com\/in\/tomikaivola\/<\/a><\/p>\n\n\n\n<p>Lis\u00e4tietoa ja tarjouspyynn\u00f6t: asiakaspalvelu(at)kaimancon.fi<\/p>\n\n\n\n<p><\/p>\n","protected":false},"excerpt":{"rendered":"<p>Kaimancon hallituspalveluja jo vuodesta 2021. Sijoitusp\u00e4\u00e4t\u00f6sten&nbsp;vaatimukset ovat kasvaneet. Vaikka hallitus olisi antanut varainhoidolle t\u00e4yden valtakirjan sijoittaa varoja esim. henkil\u00f6st\u00f6rahaston puolesta, vastuu on silti aina edelleen hallituksella. KaiManCon tarjoaa hallituksen konsultointipalveluja kustannustehokkaasti henkil\u00f6st\u00f6rahasto kokemuksella jo vuodesta 2013. Palveluihin kuuluvat mm: Hallituksen kokousten hallinnointi (kokouskutsut, esityslistat ja p\u00f6yt\u00e4kirjat). Vuosikello, yll\u00e4pito ja seuranta. Toimintasuunnitelmat ja toimintakertomukset. Tilinp\u00e4\u00e4t\u00f6kset ja [&hellip;]<\/p>\n","protected":false},"author":1,"featured_media":0,"parent":0,"menu_order":0,"comment_status":"closed","ping_status":"closed","template":"page-templates\/page-nosidebar.php","meta":{"footnotes":""},"class_list":["post-2","page","type-page","status-publish","hentry"],"_links":{"self":[{"href":"https:\/\/kaimancon.fi\/index.php?rest_route=\/wp\/v2\/pages\/2","targetHints":{"allow":["GET"]}}],"collection":[{"href":"https:\/\/kaimancon.fi\/index.php?rest_route=\/wp\/v2\/pages"}],"about":[{"href":"https:\/\/kaimancon.fi\/index.php?rest_route=\/wp\/v2\/types\/page"}],"author":[{"embeddable":true,"href":"https:\/\/kaimancon.fi\/index.php?rest_route=\/wp\/v2\/users\/1"}],"replies":[{"embeddable":true,"href":"https:\/\/kaimancon.fi\/index.php?rest_route=%2Fwp%2Fv2%2Fcomments&post=2"}],"version-history":[{"count":4,"href":"https:\/\/kaimancon.fi\/index.php?rest_route=\/wp\/v2\/pages\/2\/revisions"}],"predecessor-version":[{"id":36,"href":"https:\/\/kaimancon.fi\/index.php?rest_route=\/wp\/v2\/pages\/2\/revisions\/36"}],"wp:attachment":[{"href":"https:\/\/kaimancon.fi\/index.php?rest_route=%2Fwp%2Fv2%2Fmedia&parent=2"}],"curies":[{"name":"wp","href":"https:\/\/api.w.org\/{rel}","templated":true}]}}